{"id":1194,"date":"2026-03-18T09:10:10","date_gmt":"2026-03-18T08:10:10","guid":{"rendered":"https:\/\/elevana.ch\/?page_id=1194"},"modified":"2026-03-18T09:14:39","modified_gmt":"2026-03-18T08:14:39","slug":"assurances","status":"publish","type":"page","link":"https:\/\/elevana.ch\/en\/assurances\/","title":{"rendered":"Assurances"},"content":{"rendered":"","protected":false},"excerpt":{"rendered":"","protected":false},"author":3,"featured_media":0,"parent":0,"menu_order":0,"comment_status":"closed","ping_status":"closed","template":"","meta":{"_acf_changed":false,"footnotes":""},"class_list":["post-1194","page","type-page","status-publish","hentry"],"acf":[],"yoast_head":"<!-- This site is optimized with the Yoast SEO plugin v27.5 - https:\/\/yoast.com\/product\/yoast-seo-wordpress\/ -->\n<title>Assurances - Elevana Brokerage - Geneve, Suisse<\/title>\n<meta name=\"description\" content=\"3\u00e8me pilier : Elevana Brokerage - Conseils personnalis\u00e9s pour votre 3e pilier. Optimisez votre pr\u00e9voyance d\u00e8s aujourd\u2019hui. Geneve, Suisse\" \/>\n<meta name=\"robots\" content=\"index, follow, max-snippet:-1, max-image-preview:large, max-video-preview:-1\" \/>\n<link rel=\"canonical\" href=\"https:\/\/elevana.ch\/en\/assurances\/\" \/>\n<meta property=\"og:locale\" content=\"en_GB\" \/>\n<meta property=\"og:type\" content=\"article\" \/>\n<meta property=\"og:title\" content=\"Assurances - Elevana Brokerage - Geneve, Suisse\" \/>\n<meta property=\"og:description\" content=\"3\u00e8me pilier : Elevana Brokerage - Conseils personnalis\u00e9s pour votre 3e pilier. Optimisez votre pr\u00e9voyance d\u00e8s aujourd\u2019hui. Geneve, Suisse\" \/>\n<meta property=\"og:url\" content=\"https:\/\/elevana.ch\/en\/assurances\/\" \/>\n<meta property=\"og:site_name\" content=\"Elevana Brokerage\" \/>\n<meta property=\"article:modified_time\" content=\"2026-03-18T08:14:39+00:00\" \/>\n<meta property=\"og:image\" content=\"https:\/\/elevana.ch\/wp-content\/uploads\/Elevana.jpg\" \/>\n\t<meta property=\"og:image:width\" content=\"1563\" \/>\n\t<meta property=\"og:image:height\" content=\"879\" \/>\n\t<meta property=\"og:image:type\" content=\"image\/jpeg\" \/>\n<meta name=\"twitter:card\" content=\"summary_large_image\" \/>\n<meta name=\"twitter:label1\" content=\"Est. reading time\" \/>\n\t<meta name=\"twitter:data1\" content=\"6 minutes\" \/>\n<script type=\"application\/ld+json\" class=\"yoast-schema-graph\">{\"@context\":\"https:\\\/\\\/schema.org\",\"@graph\":[{\"@type\":\"WebPage\",\"@id\":\"https:\\\/\\\/elevana.ch\\\/assurances\\\/\",\"url\":\"https:\\\/\\\/elevana.ch\\\/assurances\\\/\",\"name\":\"Assurances - Elevana Brokerage - Geneve, Suisse\",\"isPartOf\":{\"@id\":\"https:\\\/\\\/elevana.ch\\\/#website\"},\"datePublished\":\"2026-03-18T08:10:10+00:00\",\"dateModified\":\"2026-03-18T08:14:39+00:00\",\"description\":\"3\u00e8me pilier : Elevana Brokerage - Conseils personnalis\u00e9s pour votre 3e pilier. Optimisez votre pr\u00e9voyance d\u00e8s aujourd\u2019hui. Geneve, Suisse\",\"breadcrumb\":{\"@id\":\"https:\\\/\\\/elevana.ch\\\/assurances\\\/#breadcrumb\"},\"inLanguage\":\"en-GB\",\"potentialAction\":[{\"@type\":\"ReadAction\",\"target\":[\"https:\\\/\\\/elevana.ch\\\/assurances\\\/\"]}]},{\"@type\":\"BreadcrumbList\",\"@id\":\"https:\\\/\\\/elevana.ch\\\/assurances\\\/#breadcrumb\",\"itemListElement\":[{\"@type\":\"ListItem\",\"position\":1,\"name\":\"Accueil\",\"item\":\"https:\\\/\\\/elevana.ch\\\/\"},{\"@type\":\"ListItem\",\"position\":2,\"name\":\"Assurances\"}]},{\"@type\":\"WebSite\",\"@id\":\"https:\\\/\\\/elevana.ch\\\/#website\",\"url\":\"https:\\\/\\\/elevana.ch\\\/\",\"name\":\"Elevana Brokerage\",\"description\":\"Conseil transparent - \u00e9thique\",\"publisher\":{\"@id\":\"https:\\\/\\\/elevana.ch\\\/#organization\"},\"alternateName\":\"Elevana Brokerage\",\"potentialAction\":[{\"@type\":\"SearchAction\",\"target\":{\"@type\":\"EntryPoint\",\"urlTemplate\":\"https:\\\/\\\/elevana.ch\\\/?s={search_term_string}\"},\"query-input\":{\"@type\":\"PropertyValueSpecification\",\"valueRequired\":true,\"valueName\":\"search_term_string\"}}],\"inLanguage\":\"en-GB\"},{\"@type\":\"Organization\",\"@id\":\"https:\\\/\\\/elevana.ch\\\/#organization\",\"name\":\"Elevana Brokerage\",\"alternateName\":\"Elevana Brokerage\",\"url\":\"https:\\\/\\\/elevana.ch\\\/\",\"logo\":{\"@type\":\"ImageObject\",\"inLanguage\":\"en-GB\",\"@id\":\"https:\\\/\\\/elevana.ch\\\/#\\\/schema\\\/logo\\\/image\\\/\",\"url\":\"https:\\\/\\\/elevana.ch\\\/wp-content\\\/uploads\\\/Elevana.jpg\",\"contentUrl\":\"https:\\\/\\\/elevana.ch\\\/wp-content\\\/uploads\\\/Elevana.jpg\",\"width\":1563,\"height\":879,\"caption\":\"Elevana Brokerage\"},\"image\":{\"@id\":\"https:\\\/\\\/elevana.ch\\\/#\\\/schema\\\/logo\\\/image\\\/\"},\"sameAs\":[\"https:\\\/\\\/www.instagram.com\\\/elevana.brokerage\\\/\",\"https:\\\/\\\/www.linkedin.com\\\/company\\\/elevana-brokerage\\\/posts\\\/?feedView=all\"]}]}<\/script>\n<!-- \/ Yoast SEO plugin. -->","yoast_head_json":{"title":"Assurances - Elevana Brokerage - Geneve, Suisse","description":"3\u00e8me pilier : Elevana Brokerage - Conseils personnalis\u00e9s pour votre 3e pilier. Optimisez votre pr\u00e9voyance d\u00e8s aujourd\u2019hui. Geneve, Suisse","robots":{"index":"index","follow":"follow","max-snippet":"max-snippet:-1","max-image-preview":"max-image-preview:large","max-video-preview":"max-video-preview:-1"},"canonical":"https:\/\/elevana.ch\/en\/assurances\/","og_locale":"en_GB","og_type":"article","og_title":"Assurances - Elevana Brokerage - Geneve, Suisse","og_description":"3\u00e8me pilier : Elevana Brokerage - Conseils personnalis\u00e9s pour votre 3e pilier. Optimisez votre pr\u00e9voyance d\u00e8s aujourd\u2019hui. Geneve, Suisse","og_url":"https:\/\/elevana.ch\/en\/assurances\/","og_site_name":"Elevana Brokerage","article_modified_time":"2026-03-18T08:14:39+00:00","og_image":[{"width":1563,"height":879,"url":"https:\/\/elevana.ch\/wp-content\/uploads\/Elevana.jpg","type":"image\/jpeg"}],"twitter_card":"summary_large_image","twitter_misc":{"Est. reading time":"6 minutes"},"schema":{"@context":"https:\/\/schema.org","@graph":[{"@type":"WebPage","@id":"https:\/\/elevana.ch\/assurances\/","url":"https:\/\/elevana.ch\/assurances\/","name":"Assurances - Elevana Brokerage - Geneve, Suisse","isPartOf":{"@id":"https:\/\/elevana.ch\/#website"},"datePublished":"2026-03-18T08:10:10+00:00","dateModified":"2026-03-18T08:14:39+00:00","description":"3\u00e8me pilier : Elevana Brokerage - Conseils personnalis\u00e9s pour votre 3e pilier. Optimisez votre pr\u00e9voyance d\u00e8s aujourd\u2019hui. Geneve, Suisse","breadcrumb":{"@id":"https:\/\/elevana.ch\/assurances\/#breadcrumb"},"inLanguage":"en-GB","potentialAction":[{"@type":"ReadAction","target":["https:\/\/elevana.ch\/assurances\/"]}]},{"@type":"BreadcrumbList","@id":"https:\/\/elevana.ch\/assurances\/#breadcrumb","itemListElement":[{"@type":"ListItem","position":1,"name":"Accueil","item":"https:\/\/elevana.ch\/"},{"@type":"ListItem","position":2,"name":"Assurances"}]},{"@type":"WebSite","@id":"https:\/\/elevana.ch\/#website","url":"https:\/\/elevana.ch\/","name":"Elevana Brokerage","description":"Conseil transparent - \u00e9thique","publisher":{"@id":"https:\/\/elevana.ch\/#organization"},"alternateName":"Elevana Brokerage","potentialAction":[{"@type":"SearchAction","target":{"@type":"EntryPoint","urlTemplate":"https:\/\/elevana.ch\/?s={search_term_string}"},"query-input":{"@type":"PropertyValueSpecification","valueRequired":true,"valueName":"search_term_string"}}],"inLanguage":"en-GB"},{"@type":"Organization","@id":"https:\/\/elevana.ch\/#organization","name":"Elevana Brokerage","alternateName":"Elevana Brokerage","url":"https:\/\/elevana.ch\/","logo":{"@type":"ImageObject","inLanguage":"en-GB","@id":"https:\/\/elevana.ch\/#\/schema\/logo\/image\/","url":"https:\/\/elevana.ch\/wp-content\/uploads\/Elevana.jpg","contentUrl":"https:\/\/elevana.ch\/wp-content\/uploads\/Elevana.jpg","width":1563,"height":879,"caption":"Elevana Brokerage"},"image":{"@id":"https:\/\/elevana.ch\/#\/schema\/logo\/image\/"},"sameAs":["https:\/\/www.instagram.com\/elevana.brokerage\/","https:\/\/www.linkedin.com\/company\/elevana-brokerage\/posts\/?feedView=all"]}]}},"_links":{"self":[{"href":"https:\/\/elevana.ch\/en\/wp-json\/wp\/v2\/pages\/1194","targetHints":{"allow":["GET"]}}],"collection":[{"href":"https:\/\/elevana.ch\/en\/wp-json\/wp\/v2\/pages"}],"about":[{"href":"https:\/\/elevana.ch\/en\/wp-json\/wp\/v2\/types\/page"}],"author":[{"embeddable":true,"href":"https:\/\/elevana.ch\/en\/wp-json\/wp\/v2\/users\/3"}],"replies":[{"embeddable":true,"href":"https:\/\/elevana.ch\/en\/wp-json\/wp\/v2\/comments?post=1194"}],"version-history":[{"count":20,"href":"https:\/\/elevana.ch\/en\/wp-json\/wp\/v2\/pages\/1194\/revisions"}],"predecessor-version":[{"id":1293,"href":"https:\/\/elevana.ch\/en\/wp-json\/wp\/v2\/pages\/1194\/revisions\/1293"}],"wp:attachment":[{"href":"https:\/\/elevana.ch\/en\/wp-json\/wp\/v2\/media?parent=1194"}],"curies":[{"name":"wp","href":"https:\/\/api.w.org\/{rel}","templated":true}]}}