{"id":751,"date":"2025-03-01T10:39:24","date_gmt":"2025-03-01T09:39:24","guid":{"rendered":"https:\/\/elevana.ch\/?page_id=751"},"modified":"2025-03-16T12:31:19","modified_gmt":"2025-03-16T11:31:19","slug":"mentions-legales-et-politique-de-confidentialite","status":"publish","type":"page","link":"https:\/\/elevana.ch\/en\/mentions-legales-et-politique-de-confidentialite\/","title":{"rendered":"Legal notices and privacy policy"},"content":{"rendered":"","protected":false},"excerpt":{"rendered":"","protected":false},"author":1,"featured_media":0,"parent":0,"menu_order":0,"comment_status":"closed","ping_status":"closed","template":"","meta":{"_acf_changed":false,"footnotes":""},"class_list":["post-751","page","type-page","status-publish","hentry"],"acf":[],"yoast_head":"<!-- This site is optimized with the Yoast SEO plugin v27.5 - https:\/\/yoast.com\/product\/yoast-seo-wordpress\/ -->\n<title>Elevana Brokerage - Mentions l\u00e9gales et politique de confidentialit\u00e9 - Elevana Brokerage<\/title>\n<meta name=\"description\" content=\"Elevana Brokerage - Consultez notre politique de confidentialit\u00e9 pour en savoir plus sur l\u2019utilisation de vos informations - Geneve\" \/>\n<meta name=\"robots\" content=\"index, follow, max-snippet:-1, max-image-preview:large, max-video-preview:-1\" \/>\n<link rel=\"canonical\" href=\"https:\/\/elevana.ch\/en\/mentions-legales-et-politique-de-confidentialite\/\" \/>\n<meta property=\"og:locale\" content=\"en_GB\" \/>\n<meta property=\"og:type\" content=\"article\" \/>\n<meta property=\"og:title\" content=\"Elevana Brokerage - Mentions l\u00e9gales et politique de confidentialit\u00e9 - Elevana Brokerage\" \/>\n<meta property=\"og:description\" content=\"Elevana Brokerage - Consultez notre politique de confidentialit\u00e9 pour en savoir plus sur l\u2019utilisation de vos informations - Geneve\" \/>\n<meta property=\"og:url\" content=\"https:\/\/elevana.ch\/en\/mentions-legales-et-politique-de-confidentialite\/\" \/>\n<meta property=\"og:site_name\" content=\"Elevana Brokerage\" \/>\n<meta property=\"article:modified_time\" content=\"2025-03-16T11:31:19+00:00\" \/>\n<meta property=\"og:image\" content=\"https:\/\/elevana.ch\/wp-content\/uploads\/Elevana.jpg\" \/>\n\t<meta property=\"og:image:width\" content=\"1563\" \/>\n\t<meta property=\"og:image:height\" content=\"879\" \/>\n\t<meta property=\"og:image:type\" content=\"image\/jpeg\" \/>\n<meta name=\"twitter:card\" content=\"summary_large_image\" \/>\n<meta name=\"twitter:label1\" content=\"Est. reading time\" \/>\n\t<meta name=\"twitter:data1\" content=\"4 minutes\" \/>\n<script type=\"application\/ld+json\" class=\"yoast-schema-graph\">{\"@context\":\"https:\\\/\\\/schema.org\",\"@graph\":[{\"@type\":\"WebPage\",\"@id\":\"https:\\\/\\\/elevana.ch\\\/mentions-legales-et-politique-de-confidentialite\\\/\",\"url\":\"https:\\\/\\\/elevana.ch\\\/mentions-legales-et-politique-de-confidentialite\\\/\",\"name\":\"Elevana Brokerage - Mentions l\u00e9gales et politique de confidentialit\u00e9 - Elevana Brokerage\",\"isPartOf\":{\"@id\":\"https:\\\/\\\/elevana.ch\\\/#website\"},\"datePublished\":\"2025-03-01T09:39:24+00:00\",\"dateModified\":\"2025-03-16T11:31:19+00:00\",\"description\":\"Elevana Brokerage - Consultez notre politique de confidentialit\u00e9 pour en savoir plus sur l\u2019utilisation de vos informations - Geneve\",\"breadcrumb\":{\"@id\":\"https:\\\/\\\/elevana.ch\\\/mentions-legales-et-politique-de-confidentialite\\\/#breadcrumb\"},\"inLanguage\":\"en-GB\",\"potentialAction\":[{\"@type\":\"ReadAction\",\"target\":[\"https:\\\/\\\/elevana.ch\\\/mentions-legales-et-politique-de-confidentialite\\\/\"]}]},{\"@type\":\"BreadcrumbList\",\"@id\":\"https:\\\/\\\/elevana.ch\\\/mentions-legales-et-politique-de-confidentialite\\\/#breadcrumb\",\"itemListElement\":[{\"@type\":\"ListItem\",\"position\":1,\"name\":\"Accueil\",\"item\":\"https:\\\/\\\/elevana.ch\\\/\"},{\"@type\":\"ListItem\",\"position\":2,\"name\":\"Mentions l\u00e9gales et politique de confidentialit\u00e9\"}]},{\"@type\":\"WebSite\",\"@id\":\"https:\\\/\\\/elevana.ch\\\/#website\",\"url\":\"https:\\\/\\\/elevana.ch\\\/\",\"name\":\"Elevana Brokerage\",\"description\":\"Conseil transparent - \u00e9thique\",\"publisher\":{\"@id\":\"https:\\\/\\\/elevana.ch\\\/#organization\"},\"alternateName\":\"Elevana Brokerage\",\"potentialAction\":[{\"@type\":\"SearchAction\",\"target\":{\"@type\":\"EntryPoint\",\"urlTemplate\":\"https:\\\/\\\/elevana.ch\\\/?s={search_term_string}\"},\"query-input\":{\"@type\":\"PropertyValueSpecification\",\"valueRequired\":true,\"valueName\":\"search_term_string\"}}],\"inLanguage\":\"en-GB\"},{\"@type\":\"Organization\",\"@id\":\"https:\\\/\\\/elevana.ch\\\/#organization\",\"name\":\"Elevana Brokerage\",\"alternateName\":\"Elevana Brokerage\",\"url\":\"https:\\\/\\\/elevana.ch\\\/\",\"logo\":{\"@type\":\"ImageObject\",\"inLanguage\":\"en-GB\",\"@id\":\"https:\\\/\\\/elevana.ch\\\/#\\\/schema\\\/logo\\\/image\\\/\",\"url\":\"https:\\\/\\\/elevana.ch\\\/wp-content\\\/uploads\\\/Elevana.jpg\",\"contentUrl\":\"https:\\\/\\\/elevana.ch\\\/wp-content\\\/uploads\\\/Elevana.jpg\",\"width\":1563,\"height\":879,\"caption\":\"Elevana Brokerage\"},\"image\":{\"@id\":\"https:\\\/\\\/elevana.ch\\\/#\\\/schema\\\/logo\\\/image\\\/\"},\"sameAs\":[\"https:\\\/\\\/www.instagram.com\\\/elevana.brokerage\\\/\",\"https:\\\/\\\/www.linkedin.com\\\/company\\\/elevana-brokerage\\\/posts\\\/?feedView=all\"]}]}<\/script>\n<!-- \/ Yoast SEO plugin. -->","yoast_head_json":{"title":"Elevana Brokerage - Mentions l\u00e9gales et politique de confidentialit\u00e9 - Elevana Brokerage","description":"Elevana Brokerage - Consultez notre politique de confidentialit\u00e9 pour en savoir plus sur l\u2019utilisation de vos informations - Geneve","robots":{"index":"index","follow":"follow","max-snippet":"max-snippet:-1","max-image-preview":"max-image-preview:large","max-video-preview":"max-video-preview:-1"},"canonical":"https:\/\/elevana.ch\/en\/mentions-legales-et-politique-de-confidentialite\/","og_locale":"en_GB","og_type":"article","og_title":"Elevana Brokerage - Mentions l\u00e9gales et politique de confidentialit\u00e9 - Elevana Brokerage","og_description":"Elevana Brokerage - Consultez notre politique de confidentialit\u00e9 pour en savoir plus sur l\u2019utilisation de vos informations - Geneve","og_url":"https:\/\/elevana.ch\/en\/mentions-legales-et-politique-de-confidentialite\/","og_site_name":"Elevana Brokerage","article_modified_time":"2025-03-16T11:31:19+00:00","og_image":[{"width":1563,"height":879,"url":"https:\/\/elevana.ch\/wp-content\/uploads\/Elevana.jpg","type":"image\/jpeg"}],"twitter_card":"summary_large_image","twitter_misc":{"Est. reading time":"4 minutes"},"schema":{"@context":"https:\/\/schema.org","@graph":[{"@type":"WebPage","@id":"https:\/\/elevana.ch\/mentions-legales-et-politique-de-confidentialite\/","url":"https:\/\/elevana.ch\/mentions-legales-et-politique-de-confidentialite\/","name":"Elevana Brokerage - Mentions l\u00e9gales et politique de confidentialit\u00e9 - Elevana Brokerage","isPartOf":{"@id":"https:\/\/elevana.ch\/#website"},"datePublished":"2025-03-01T09:39:24+00:00","dateModified":"2025-03-16T11:31:19+00:00","description":"Elevana Brokerage - Consultez notre politique de confidentialit\u00e9 pour en savoir plus sur l\u2019utilisation de vos informations - Geneve","breadcrumb":{"@id":"https:\/\/elevana.ch\/mentions-legales-et-politique-de-confidentialite\/#breadcrumb"},"inLanguage":"en-GB","potentialAction":[{"@type":"ReadAction","target":["https:\/\/elevana.ch\/mentions-legales-et-politique-de-confidentialite\/"]}]},{"@type":"BreadcrumbList","@id":"https:\/\/elevana.ch\/mentions-legales-et-politique-de-confidentialite\/#breadcrumb","itemListElement":[{"@type":"ListItem","position":1,"name":"Accueil","item":"https:\/\/elevana.ch\/"},{"@type":"ListItem","position":2,"name":"Mentions l\u00e9gales et politique de confidentialit\u00e9"}]},{"@type":"WebSite","@id":"https:\/\/elevana.ch\/#website","url":"https:\/\/elevana.ch\/","name":"Elevana Brokerage","description":"Conseil transparent - \u00e9thique","publisher":{"@id":"https:\/\/elevana.ch\/#organization"},"alternateName":"Elevana Brokerage","potentialAction":[{"@type":"SearchAction","target":{"@type":"EntryPoint","urlTemplate":"https:\/\/elevana.ch\/?s={search_term_string}"},"query-input":{"@type":"PropertyValueSpecification","valueRequired":true,"valueName":"search_term_string"}}],"inLanguage":"en-GB"},{"@type":"Organization","@id":"https:\/\/elevana.ch\/#organization","name":"Elevana Brokerage","alternateName":"Elevana Brokerage","url":"https:\/\/elevana.ch\/","logo":{"@type":"ImageObject","inLanguage":"en-GB","@id":"https:\/\/elevana.ch\/#\/schema\/logo\/image\/","url":"https:\/\/elevana.ch\/wp-content\/uploads\/Elevana.jpg","contentUrl":"https:\/\/elevana.ch\/wp-content\/uploads\/Elevana.jpg","width":1563,"height":879,"caption":"Elevana Brokerage"},"image":{"@id":"https:\/\/elevana.ch\/#\/schema\/logo\/image\/"},"sameAs":["https:\/\/www.instagram.com\/elevana.brokerage\/","https:\/\/www.linkedin.com\/company\/elevana-brokerage\/posts\/?feedView=all"]}]}},"_links":{"self":[{"href":"https:\/\/elevana.ch\/en\/wp-json\/wp\/v2\/pages\/751","targetHints":{"allow":["GET"]}}],"collection":[{"href":"https:\/\/elevana.ch\/en\/wp-json\/wp\/v2\/pages"}],"about":[{"href":"https:\/\/elevana.ch\/en\/wp-json\/wp\/v2\/types\/page"}],"author":[{"embeddable":true,"href":"https:\/\/elevana.ch\/en\/wp-json\/wp\/v2\/users\/1"}],"replies":[{"embeddable":true,"href":"https:\/\/elevana.ch\/en\/wp-json\/wp\/v2\/comments?post=751"}],"version-history":[{"count":12,"href":"https:\/\/elevana.ch\/en\/wp-json\/wp\/v2\/pages\/751\/revisions"}],"predecessor-version":[{"id":1018,"href":"https:\/\/elevana.ch\/en\/wp-json\/wp\/v2\/pages\/751\/revisions\/1018"}],"wp:attachment":[{"href":"https:\/\/elevana.ch\/en\/wp-json\/wp\/v2\/media?parent=751"}],"curies":[{"name":"wp","href":"https:\/\/api.w.org\/{rel}","templated":true}]}}